{"id":1221,"date":"2022-03-02T10:48:58","date_gmt":"2022-03-02T09:48:58","guid":{"rendered":"https:\/\/essaisprecoces.onco-nouvelle-aquitaine.fr\/?page_id=1221"},"modified":"2022-05-04T14:33:33","modified_gmt":"2022-05-04T12:33:33","slug":"metohodologie","status":"publish","type":"page","link":"https:\/\/essaisprecoces.onco-nouvelle-aquitaine.fr\/?page_id=1221","title":{"rendered":"M\u00e9thodologie"},"content":{"rendered":"<p>&nbsp;<\/p>\n<p>La newsletter essais de phase pr\u00e9coce adulte en oncologie et en h\u00e9matologie existe depuis 2013 et est coordonn\u00e9e par le r\u00e9seau Onco-Nouvelle- Aquitaine en lien avec le CHU de Bordeaux et l\u2019Institut Bergoni\u00e9, et le CHU de Poitiers\u00a0depuis fin 2021 et le CHU de Limoges depuis d\u00e9but 2022.<\/p>\n<p>Onco-Nouvelle-Aquitaine travaille au sein de chaque institution avec un m\u00e9decin et des Attach\u00e9s de Recherche Clinique (ARC) r\u00e9f\u00e9rents uniques.<\/p>\n<ul>\n<li>Pr Alain RAVAUD et Mme Ma\u00efa LAFARGUE pour le CHU de Bordeaux (Service oncologie m\u00e9dicale)<\/li>\n<li>Pr Antoine ITALIANO, Dr Felasoa PARAINA et Mme Camille MALRIEUX pour l\u2019Institut Bergoni\u00e9 (Service oncologie m\u00e9dicale\/ recherche clinique)<\/li>\n<li>Pr ISAMBERT et Mme Flavie HOURCADE pour le CHU de Poitiers (Service oncologie m\u00e9dicale)<\/li>\n<li>Mme Aurore LOXQ pour le CHU de Limoges (Direction de la recherche\/innovation)<\/li>\n<\/ul>\n<p>L\u2019ARC r\u00e9f\u00e9rent de chaque \u00e9tablissement re\u00e7oit un fichier Excel contenant les essais mis \u00e0 jour lors du dernier recueil, envoy\u00e9 par la charg\u00e9e de projet au r\u00e9seau Onco-Nouvelle- Aquitaine.<\/p>\n<p>Il le diffuse aux ARCs de tous les services concern\u00e9s des \u00e9tablissements pour actualisation. La charg\u00e9e de projet du r\u00e9seau Onco-Nouvelle-Aquitaine collige les fichiers actualis\u00e9s par les ARCs des \u00e9tablissements.<\/p>\n<p>Le m\u00e9decin coordonnateur du r\u00e9seau Onco-Nouvelle-Aquitaine est en charge de la validation de la newsletter au niveau clinique avant la mise en ligne par le chef de projet informatique et sa publication par la charg\u00e9e de communication.<\/p>\n<p><strong>Chaque \u00e9tablissement est donc responsable de l&rsquo;actualisation de ses propres essais.<\/strong><\/p>\n","protected":false},"excerpt":{"rendered":"<p>&nbsp; La newsletter essais de phase pr\u00e9coce adulte en oncologie et en h\u00e9matologie existe depuis 2013 et est coordonn\u00e9e par le r\u00e9seau Onco-Nouvelle- Aquitaine en&hellip;<\/p>\n","protected":false},"author":2,"featured_media":0,"parent":0,"menu_order":0,"comment_status":"closed","ping_status":"closed","template":"","meta":{"footnotes":""},"class_list":["post-1221","page","type-page","status-publish","hentry"],"_links":{"self":[{"href":"https:\/\/essaisprecoces.onco-nouvelle-aquitaine.fr\/index.php?rest_route=\/wp\/v2\/pages\/1221","targetHints":{"allow":["GET"]}}],"collection":[{"href":"https:\/\/essaisprecoces.onco-nouvelle-aquitaine.fr\/index.php?rest_route=\/wp\/v2\/pages"}],"about":[{"href":"https:\/\/essaisprecoces.onco-nouvelle-aquitaine.fr\/index.php?rest_route=\/wp\/v2\/types\/page"}],"author":[{"embeddable":true,"href":"https:\/\/essaisprecoces.onco-nouvelle-aquitaine.fr\/index.php?rest_route=\/wp\/v2\/users\/2"}],"replies":[{"embeddable":true,"href":"https:\/\/essaisprecoces.onco-nouvelle-aquitaine.fr\/index.php?rest_route=%2Fwp%2Fv2%2Fcomments&post=1221"}],"version-history":[{"count":5,"href":"https:\/\/essaisprecoces.onco-nouvelle-aquitaine.fr\/index.php?rest_route=\/wp\/v2\/pages\/1221\/revisions"}],"predecessor-version":[{"id":1504,"href":"https:\/\/essaisprecoces.onco-nouvelle-aquitaine.fr\/index.php?rest_route=\/wp\/v2\/pages\/1221\/revisions\/1504"}],"wp:attachment":[{"href":"https:\/\/essaisprecoces.onco-nouvelle-aquitaine.fr\/index.php?rest_route=%2Fwp%2Fv2%2Fmedia&parent=1221"}],"curies":[{"name":"wp","href":"https:\/\/api.w.org\/{rel}","templated":true}]}}