{"id":27,"date":"2020-02-17T14:23:05","date_gmt":"2020-02-17T13:23:05","guid":{"rendered":"https:\/\/essaisprecoces.onco-nouvelle-aquitaine.fr\/?page_id=27"},"modified":"2022-05-10T16:35:16","modified_gmt":"2022-05-10T14:35:16","slug":"accueil","status":"publish","type":"page","link":"https:\/\/essaisprecoces.onco-nouvelle-aquitaine.fr\/","title":{"rendered":"Essais th\u00e9rapeutiques de phase pr\u00e9coce"},"content":{"rendered":"<p>&nbsp;<\/p>\r\n<p><strong>Bienvenue sur le site des essais th\u00e9rapeutiques de phase pr\u00e9coce en oncologie et h\u00e9matologie.<\/strong><\/p>\r\n<p>Retrouvez ici les possibilit\u00e9s d\u2019essais th\u00e9rapeutiques de phase pr\u00e9coce (I et II) disponibles \u00e0 l\u2019Institut Bergoni\u00e9, au CHU de Bordeaux et maintenant au CHU de Poitiers et pouvant repr\u00e9senter une opportunit\u00e9 th\u00e9rapeutique pour vos patients.<\/p>\r\n<p>Les essais du CHU de Limoges ont commenc\u00e9 \u00e0 \u00eatre int\u00e9gr\u00e9s, de fa\u00e7on non encore exhaustive.<\/p>\r\n<p>La mise \u00e0 jour de ce site est bimestrielle, sous r\u00e9serve de recueil des donn\u00e9es par les professionnels concern\u00e9s.\u00a0<\/p>\r\n<p class=\"has-text-align-left\"><strong> <br \/>Acc\u00e9der aux essais<\/strong><\/p>\r\n<div class=\"wp-block-categories-dropdown wp-block-categories\"><label class=\"wp-block-categories__label\" for=\"wp-block-categories-1\">Cat\u00e9gories<\/label><select  name='category_name' id='wp-block-categories-1' class='postform'>\n\t<option value='-1'>S\u00e9lectionner Cat\u00e9gorie<\/option>\n\t<option class=\"level-0\" value=\"tous-essais\">Tous les essais<\/option>\n\t<option class=\"level-1\" value=\"dermatologie\">&nbsp;&nbsp;&nbsp;Dermatologie<\/option>\n\t<option class=\"level-2\" value=\"autres-dermatologie\">&nbsp;&nbsp;&nbsp;&nbsp;&nbsp;&nbsp;Autres Dermatologie<\/option>\n\t<option class=\"level-2\" value=\"carcinome-epidermoide-cutane\">&nbsp;&nbsp;&nbsp;&nbsp;&nbsp;&nbsp;Carcinome \u00e9pidermo\u00efde cutan\u00e9<\/option>\n\t<option class=\"level-2\" value=\"melanome\">&nbsp;&nbsp;&nbsp;&nbsp;&nbsp;&nbsp;M\u00e9lanome<\/option>\n\t<option class=\"level-1\" value=\"digestif\">&nbsp;&nbsp;&nbsp;Digestif<\/option>\n\t<option class=\"level-2\" value=\"autres-digestif\">&nbsp;&nbsp;&nbsp;&nbsp;&nbsp;&nbsp;Autres digestif<\/option>\n\t<option class=\"level-2\" value=\"colorectal\">&nbsp;&nbsp;&nbsp;&nbsp;&nbsp;&nbsp;Colorectal<\/option>\n\t<option class=\"level-2\" value=\"foie-et-voie-biliaire\">&nbsp;&nbsp;&nbsp;&nbsp;&nbsp;&nbsp;Foie et Voies biliaires<\/option>\n\t<option class=\"level-2\" value=\"jonction-oeso-gastrique-et-estomac\">&nbsp;&nbsp;&nbsp;&nbsp;&nbsp;&nbsp;Jonction \u0153so-gastrique et estomac<\/option>\n\t<option class=\"level-2\" value=\"neuroendocrine\">&nbsp;&nbsp;&nbsp;&nbsp;&nbsp;&nbsp;Neuroendocrine<\/option>\n\t<option class=\"level-2\" value=\"oesophage\">&nbsp;&nbsp;&nbsp;&nbsp;&nbsp;&nbsp;\u0152sophage<\/option>\n\t<option class=\"level-2\" value=\"pancreas\">&nbsp;&nbsp;&nbsp;&nbsp;&nbsp;&nbsp;Pancr\u00e9as<\/option>\n\t<option class=\"level-1\" value=\"endocrinologie\">&nbsp;&nbsp;&nbsp;Endocrinologie<\/option>\n\t<option class=\"level-2\" value=\"surrenale\">&nbsp;&nbsp;&nbsp;&nbsp;&nbsp;&nbsp;Surr\u00e9nale<\/option>\n\t<option class=\"level-2\" value=\"thyroide\">&nbsp;&nbsp;&nbsp;&nbsp;&nbsp;&nbsp;Thyro\u00efde<\/option>\n\t<option class=\"level-1\" value=\"hematologie\">&nbsp;&nbsp;&nbsp;H\u00e9matologie<\/option>\n\t<option class=\"level-2\" value=\"leucemie-a-cellules-dendritiques\">&nbsp;&nbsp;&nbsp;&nbsp;&nbsp;&nbsp;Leuc\u00e9mie \u00e0 cellules dendritiques<\/option>\n\t<option class=\"level-2\" value=\"leucemie-aigue-lymphoblastique\">&nbsp;&nbsp;&nbsp;&nbsp;&nbsp;&nbsp;Leuc\u00e9mie Aigu\u00eb Lymphoblastique<\/option>\n\t<option class=\"level-2\" value=\"leucemie-aigue-myeloblastique\">&nbsp;&nbsp;&nbsp;&nbsp;&nbsp;&nbsp;Leuc\u00e9mie Aigu\u00eb My\u00e9loblastique<\/option>\n\t<option class=\"level-2\" value=\"leucemie-aigue-myeloide\">&nbsp;&nbsp;&nbsp;&nbsp;&nbsp;&nbsp;Leuc\u00e9mie Aigu\u00eb My\u00e9lo\u00efde<\/option>\n\t<option class=\"level-2\" value=\"leucemie-lymphoide-chronique\">&nbsp;&nbsp;&nbsp;&nbsp;&nbsp;&nbsp;Leuc\u00e9mie Lympho\u00efde Chronique<\/option>\n\t<option class=\"level-2\" value=\"leucemie-myeloide-chronique\">&nbsp;&nbsp;&nbsp;&nbsp;&nbsp;&nbsp;Leuc\u00e9mie My\u00e9loide Chronique<\/option>\n\t<option class=\"level-2\" value=\"lymphome-hodgkinien\">&nbsp;&nbsp;&nbsp;&nbsp;&nbsp;&nbsp;Lymphome Hodgkinien<\/option>\n\t<option class=\"level-2\" value=\"lymphome-non-hodgkinien\">&nbsp;&nbsp;&nbsp;&nbsp;&nbsp;&nbsp;Lymphome Malin Non Hodgkinien<\/option>\n\t<option class=\"level-2\" value=\"myelome-multiple\">&nbsp;&nbsp;&nbsp;&nbsp;&nbsp;&nbsp;My\u00e9lome Multiple<\/option>\n\t<option class=\"level-2\" value=\"syndrome-de-richter\">&nbsp;&nbsp;&nbsp;&nbsp;&nbsp;&nbsp;Syndrome de Richter<\/option>\n\t<option class=\"level-2\" value=\"syndrome-myelodysplasique\">&nbsp;&nbsp;&nbsp;&nbsp;&nbsp;&nbsp;Syndrome My\u00e9lodysplasique<\/option>\n\t<option class=\"level-2\" value=\"toutes-tumeurs-hematologiques\">&nbsp;&nbsp;&nbsp;&nbsp;&nbsp;&nbsp;Toutes tumeurs h\u00e9matologiques<\/option>\n\t<option class=\"level-1\" value=\"orl\">&nbsp;&nbsp;&nbsp;ORL<\/option>\n\t<option class=\"level-1\" value=\"tumeurs-osseuses\">&nbsp;&nbsp;&nbsp;Sarcomes et tumeurs osseuses<\/option>\n\t<option class=\"level-2\" value=\"sarcomes-tissus-mous\">&nbsp;&nbsp;&nbsp;&nbsp;&nbsp;&nbsp;Sarcomes tissus mous<\/option>\n\t<option class=\"level-1\" value=\"seno-gynecologie\">&nbsp;&nbsp;&nbsp;S\u00e9no-gyn\u00e9cologie<\/option>\n\t<option class=\"level-2\" value=\"ovaires\">&nbsp;&nbsp;&nbsp;&nbsp;&nbsp;&nbsp;Ovaires et trompes de Fallope<\/option>\n\t<option class=\"level-2\" value=\"sein\">&nbsp;&nbsp;&nbsp;&nbsp;&nbsp;&nbsp;Sein<\/option>\n\t<option class=\"level-2\" value=\"uterus\">&nbsp;&nbsp;&nbsp;&nbsp;&nbsp;&nbsp;Ut\u00e9rus<\/option>\n\t<option class=\"level-1\" value=\"thoracique\">&nbsp;&nbsp;&nbsp;Thoracique<\/option>\n\t<option class=\"level-2\" value=\"poumon\">&nbsp;&nbsp;&nbsp;&nbsp;&nbsp;&nbsp;Poumon<\/option>\n\t<option class=\"level-1\" value=\"toutes-tumeurs\">&nbsp;&nbsp;&nbsp;Toutes tumeurs<\/option>\n\t<option class=\"level-1\" value=\"tumeurs-cerebrales\">&nbsp;&nbsp;&nbsp;Tumeurs c\u00e9r\u00e9brales<\/option>\n\t<option class=\"level-2\" value=\"glioblastome\">&nbsp;&nbsp;&nbsp;&nbsp;&nbsp;&nbsp;Glioblastome<\/option>\n\t<option class=\"level-2\" value=\"meningiome\">&nbsp;&nbsp;&nbsp;&nbsp;&nbsp;&nbsp;M\u00e9ningiome<\/option>\n\t<option class=\"level-1\" value=\"urologie\">&nbsp;&nbsp;&nbsp;Urologie<\/option>\n\t<option class=\"level-2\" value=\"penis\">&nbsp;&nbsp;&nbsp;&nbsp;&nbsp;&nbsp;P\u00e9nis<\/option>\n\t<option class=\"level-2\" value=\"prostate\">&nbsp;&nbsp;&nbsp;&nbsp;&nbsp;&nbsp;Prostate<\/option>\n\t<option class=\"level-2\" value=\"rein\">&nbsp;&nbsp;&nbsp;&nbsp;&nbsp;&nbsp;Rein<\/option>\n\t<option class=\"level-2\" value=\"vessie-et-ureteres\">&nbsp;&nbsp;&nbsp;&nbsp;&nbsp;&nbsp;Vessie et uret\u00e8res<\/option>\n<\/select><script type=\"text\/javascript\">\n\/* <![CDATA[ *\/\n( ( [ dropdownId, homeUrl ] ) => {\n\t\tconst dropdown = document.getElementById( dropdownId );\n\t\tfunction onSelectChange() {\n\t\t\tsetTimeout( () => {\n\t\t\t\tif ( 'escape' === dropdown.dataset.lastkey ) {\n\t\t\t\t\treturn;\n\t\t\t\t}\n\t\t\t\tif ( dropdown.value && dropdown instanceof HTMLSelectElement ) {\n\t\t\t\t\tconst url = new URL( homeUrl );\n\t\t\t\t\turl.searchParams.set( dropdown.name, dropdown.value );\n\t\t\t\t\tlocation.href = url.href;\n\t\t\t\t}\n\t\t\t}, 250 );\n\t\t}\n\t\tfunction onKeyUp( event ) {\n\t\t\tif ( 'Escape' === event.key ) {\n\t\t\t\tdropdown.dataset.lastkey = 'escape';\n\t\t\t} else {\n\t\t\t\tdelete dropdown.dataset.lastkey;\n\t\t\t}\n\t\t}\n\t\tfunction onClick() {\n\t\t\tdelete dropdown.dataset.lastkey;\n\t\t}\n\t\tdropdown.addEventListener( 'keyup', onKeyUp );\n\t\tdropdown.addEventListener( 'click', onClick );\n\t\tdropdown.addEventListener( 'change', onSelectChange );\n\t} )( [\"wp-block-categories-1\",\"https:\/\/essaisprecoces.onco-nouvelle-aquitaine.fr\"] );\n\/\/# sourceURL=build_dropdown_script_block_core_categories\n\/* ]]> *\/\n<\/script>\n\n<\/div>\r\n<p>&nbsp;<\/p>\r\n<p><strong>Recevoir la lettre d&rsquo;information Essais Pr\u00e9coces<\/strong><\/p>\r\n<p style=\"font-size: 14px;\"><\/p>\r\n<div class=\"wp-block-button alignleft\"><a class=\"wp-block-button__link has-background\" style=\"background-color: #00a5be; border-radius: 5px; padding: 5px 10px 5px 10px;\" href=\"https:\/\/367a830f.sibforms.com\/serve\/MUIEAFvivcyYp80dwigI_6IuxcghBdhUl10jRvzVqg8za60Txiz_rHU9iv-jugwxiCzvoKT9mq9404IFJ_3fB2ViI6Bme70tkoLDPsyeWGk3e0UB4peAiSMvWTzD5v81QJtUkIQyuU1Tk5Cu6A9ol76h8PY309oRgpWf0mtwExlzLchcyR_4rO7_X_7AGrucp5kOOix9nDmuvGBW\" target=\"_blank\" rel=\"noreferrer noopener\">S&rsquo;inscrire<\/a><\/div>\r\n<p style=\"font-size: 14px;\"><\/p>\r\n<p>&nbsp;<\/p>\r\n<p>&nbsp;<\/p>","protected":false},"excerpt":{"rendered":"<p>&nbsp; Bienvenue sur le site des essais th\u00e9rapeutiques de phase pr\u00e9coce en oncologie et h\u00e9matologie. Retrouvez ici les possibilit\u00e9s d\u2019essais th\u00e9rapeutiques de phase pr\u00e9coce (I&hellip;<\/p>\n","protected":false},"author":1,"featured_media":0,"parent":0,"menu_order":0,"comment_status":"closed","ping_status":"closed","template":"","meta":{"footnotes":""},"class_list":["post-27","page","type-page","status-publish","hentry"],"_links":{"self":[{"href":"https:\/\/essaisprecoces.onco-nouvelle-aquitaine.fr\/index.php?rest_route=\/wp\/v2\/pages\/27","targetHints":{"allow":["GET"]}}],"collection":[{"href":"https:\/\/essaisprecoces.onco-nouvelle-aquitaine.fr\/index.php?rest_route=\/wp\/v2\/pages"}],"about":[{"href":"https:\/\/essaisprecoces.onco-nouvelle-aquitaine.fr\/index.php?rest_route=\/wp\/v2\/types\/page"}],"author":[{"embeddable":true,"href":"https:\/\/essaisprecoces.onco-nouvelle-aquitaine.fr\/index.php?rest_route=\/wp\/v2\/users\/1"}],"replies":[{"embeddable":true,"href":"https:\/\/essaisprecoces.onco-nouvelle-aquitaine.fr\/index.php?rest_route=%2Fwp%2Fv2%2Fcomments&post=27"}],"version-history":[{"count":72,"href":"https:\/\/essaisprecoces.onco-nouvelle-aquitaine.fr\/index.php?rest_route=\/wp\/v2\/pages\/27\/revisions"}],"predecessor-version":[{"id":1541,"href":"https:\/\/essaisprecoces.onco-nouvelle-aquitaine.fr\/index.php?rest_route=\/wp\/v2\/pages\/27\/revisions\/1541"}],"wp:attachment":[{"href":"https:\/\/essaisprecoces.onco-nouvelle-aquitaine.fr\/index.php?rest_route=%2Fwp%2Fv2%2Fmedia&parent=27"}],"curies":[{"name":"wp","href":"https:\/\/api.w.org\/{rel}","templated":true}]}}