{"id":29,"date":"2020-02-17T14:23:45","date_gmt":"2020-02-17T13:23:45","guid":{"rendered":"https:\/\/essaisprecoces.onco-nouvelle-aquitaine.fr\/?page_id=29"},"modified":"2022-07-25T14:58:34","modified_gmt":"2022-07-25T12:58:34","slug":"mentions-legales","status":"publish","type":"page","link":"https:\/\/essaisprecoces.onco-nouvelle-aquitaine.fr\/?page_id=29","title":{"rendered":"Mentions l\u00e9gales"},"content":{"rendered":"<h2>Mentions l\u00e9gales<\/h2>\n<p>Bienvenue sur le site <strong>essaisprecoces.onco-nouvelle-aquitaine.fr<\/strong>. \u00a0En utilisant ce site, vous reconnaissez avoir pris connaissance des dispositions ci-dessous et vous vous engagez \u00e0 les respecter.<br \/>\nVous reconnaissez disposer de la comp\u00e9tence et des moyens n\u00e9cessaires pour acc\u00e9der et utiliser ce site et reconnaissez avoir v\u00e9rifi\u00e9 que la configuration informatique utilis\u00e9e ne contient aucun virus et qu\u2019elle est en parfait \u00e9tat de fonctionnement.<br \/>\nLe contenu de ces mentions l\u00e9gales peut \u00eatre amen\u00e9 \u00e0 changer, nous vous invitons \u00e0 les consulter r\u00e9guli\u00e8rement.<\/p>\n<p>Ce site est \u00e9dit\u00e9 par le r\u00e9seau Onco-Nouvelle-Aquitaine et a pour objectif de diffuser et partager des informations li\u00e9es aux essais th\u00e9rapeutiques de phase pr\u00e9coce . Il s\u2019adresse aux professionnels et acteurs de sant\u00e9.<\/p>\n<div>Les donn\u00e9es de contact publi\u00e9es sur ce site sont \u00e0 l&rsquo;usage des professionnels de sant\u00e9 et strictement n\u00e9cessaires au bon fonctionnement de l&rsquo;inclusion de patients \u00e0 un traitement innovant contre le cancer. La mise \u00e0 jour de ce site est mensuelle, sous r\u00e9serve de recueil des donn\u00e9es par les professionnels concern\u00e9s.<\/div>\n<p>&nbsp;<\/p>\n<p><strong>\u00c9diteur :<\/strong><\/p>\n<p>Le site internet essaisprecoces.onco-nouvelle-aquitaine.fr est \u00e9dit\u00e9 par :<br \/>\nR\u00e9seau Onco-Nouvelle-Aquitaine, association loi 1901, situ\u00e9e 229 cours de l\u2019Argonne, 33076 Bordeaux Cedex.<br \/>\nPour toute demande d\u2019information, vous pouvez contacter : webmaster@onco-nouvelle-aquitaine.fr<br \/>\nResponsable de publication : Laurence Digue, coordinatrice du r\u00e9seau Onco-Nouvelle-Aquitaine.<\/p>\n<p><strong>H\u00e9bergement :\u00a0<\/strong><\/p>\n<p>Le site internet est h\u00e9berg\u00e9 par :<br \/>\nOVH<br \/>\nSAS au capital de 10 000 000 \u20ac<br \/>\nRCS Roubaix \u2013 Tourcoing 424 761 419 00045<br \/>\nCode APE 6202A \u2013 N\u00b0 TVA : FR 22 424 761 419<br \/>\n2 rue Kellermann 59100 Roubaix \u2013 France.<\/p>\n<p><strong>Vos droits sur vos donn\u00e9es personnelles :<\/strong><\/p>\n<p>Conform\u00e9ment \u00e0 la loi du\u00a0<span id=\"OBJ_PREFIX_DWT5400_com_zimbra_date\" class=\"Object\" role=\"link\">6 janvier 1978<\/span> relative \u00e0 l\u2019informatique, aux fichiers et aux libert\u00e9s modifi\u00e9e pour int\u00e9grer les apports du R\u00e8glement G\u00e9n\u00e9ral de l\u2019Union Europ\u00e9enne sur la Protection des Donn\u00e9es \u00e0 caract\u00e8re personnel 2016\/679, vous b\u00e9n\u00e9ficiez d\u2019un droit d\u2019acc\u00e8s, de rectification et de suppression des informations qui vous concernent. Vous pouvez \u00e9galement vous opposer au traitement des donn\u00e9es vous concernant pour des motifs l\u00e9gitimes.<\/p>\n<div><\/div>\n<div>Si vous souhaitez exercer ce droit et obtenir communication des informations vous concernant, veuillez adresser votre demande :<\/div>\n<div>par voie postale : R\u00e9seau Onco-Nouvelle-Aquitaine, 229 cours de l\u2019Argonne, 33076 Bordeaux Cedex<\/div>\n<div>par mail :\u00a0<span id=\"OBJ_PREFIX_DWT5402_ZmEmailObjectHandler\" class=\"Object\" role=\"link\"><a href=\"mailto:dpo@onco-na.fr\" target=\"_blank\" rel=\"nofollow noopener noreferrer\">dpo@onco-na.fr<\/a><\/span><\/div>\n<div><\/div>\n<p>L\u2019usage ou la reproduction partielle m\u00eame des textes, photos ou graphismes publi\u00e9s sur ce site sont interdits sans l\u2019accord du R\u00e9seau. Toute tentative donnera lieu \u00e0 des poursuites.<\/p>\n<p>Le r\u00e9seau Onco-Nouvelle-Aquitaine ne saurait \u00eatre tenu pour responsable de tout pr\u00e9judice, direct ou indirect, de quelque nature que ce soit, r\u00e9sultant de l\u2019utilisation, m\u00eame partielle des informations disponibles sur son site.<\/p>\n<p><a href=\"https:\/\/onco-nouvelle-aquitaine.fr\/politique-de-confidentialite\/\" target=\"_blank\" rel=\"noopener\">Politique de confidentialit\u00e9<\/a><\/p>\n<p>\u00a9 R\u00e9seau Onco-Nouvelle-Aquitaine 2020, tous droits r\u00e9serv\u00e9s.<\/p>\n","protected":false},"excerpt":{"rendered":"<p>Mentions l\u00e9gales Bienvenue sur le site essaisprecoces.onco-nouvelle-aquitaine.fr. \u00a0En utilisant ce site, vous reconnaissez avoir pris connaissance des dispositions ci-dessous et vous vous engagez \u00e0 les&hellip;<\/p>\n","protected":false},"author":1,"featured_media":0,"parent":0,"menu_order":0,"comment_status":"closed","ping_status":"closed","template":"","meta":{"footnotes":""},"class_list":["post-29","page","type-page","status-publish","hentry"],"_links":{"self":[{"href":"https:\/\/essaisprecoces.onco-nouvelle-aquitaine.fr\/index.php?rest_route=\/wp\/v2\/pages\/29","targetHints":{"allow":["GET"]}}],"collection":[{"href":"https:\/\/essaisprecoces.onco-nouvelle-aquitaine.fr\/index.php?rest_route=\/wp\/v2\/pages"}],"about":[{"href":"https:\/\/essaisprecoces.onco-nouvelle-aquitaine.fr\/index.php?rest_route=\/wp\/v2\/types\/page"}],"author":[{"embeddable":true,"href":"https:\/\/essaisprecoces.onco-nouvelle-aquitaine.fr\/index.php?rest_route=\/wp\/v2\/users\/1"}],"replies":[{"embeddable":true,"href":"https:\/\/essaisprecoces.onco-nouvelle-aquitaine.fr\/index.php?rest_route=%2Fwp%2Fv2%2Fcomments&post=29"}],"version-history":[{"count":9,"href":"https:\/\/essaisprecoces.onco-nouvelle-aquitaine.fr\/index.php?rest_route=\/wp\/v2\/pages\/29\/revisions"}],"predecessor-version":[{"id":1543,"href":"https:\/\/essaisprecoces.onco-nouvelle-aquitaine.fr\/index.php?rest_route=\/wp\/v2\/pages\/29\/revisions\/1543"}],"wp:attachment":[{"href":"https:\/\/essaisprecoces.onco-nouvelle-aquitaine.fr\/index.php?rest_route=%2Fwp%2Fv2%2Fmedia&parent=29"}],"curies":[{"name":"wp","href":"https:\/\/api.w.org\/{rel}","templated":true}]}}